{"id":205,"date":"2020-04-10T22:12:56","date_gmt":"2020-04-10T22:12:56","guid":{"rendered":"http:\/\/www.generalecologycanada.com\/wp_main_site\/?page_id=205"},"modified":"2020-04-10T22:12:56","modified_gmt":"2020-04-10T22:12:56","slug":"quebec","status":"publish","type":"page","link":"https:\/\/www.generalecologycanada.com\/wp_main_site\/quebec\/","title":{"rendered":"Quebec"},"content":{"rendered":"<table border=\"0\" width=\"85%\" rules=\"rows\" align=\"center\" bgcolor=\"#FFFFFF\">\n<tbody>\n<tr>\n<td colspan=\"4\"><strong>Qu\u00e9bec<\/strong><\/td>\n<\/tr>\n<tr>\n<td><strong>Marina Gosselin Lt\u00e9e<\/strong><br \/>\n116 &#8211; 1 \u00e9re Rue<br \/>\nSt-Paul-Ile-aux-Noix, QC<br \/>\nTel:450-291-3170<\/td>\n<td><img loading=\"lazy\" decoding=\"async\" src=\"https:\/\/www.generalecologycanada.com\/images\/sgcliplogo.jpg\" alt=\"Seagull IV\" width=\"100\" height=\"94\" border=\"0\" \/><\/td>\n<td><strong>Plomberie<\/strong><span>\u00a0<\/span><b>Outaouais<\/b><br \/>\n15 rue de Valcourt<br \/>\nGatineau, QC<br \/>\nTel:819-246-7788<br \/>\n<a href=\"https:\/\/www.plomberieoutaouais.com\/\" target=\"_blank\" rel=\"noopener noreferrer\">www.plomberieoutaouais.com<\/a><\/td>\n<td><img loading=\"lazy\" decoding=\"async\" src=\"https:\/\/www.generalecologycanada.com\/images\/sgcliplogo.jpg\" alt=\"Seagull IV\" width=\"100\" height=\"94\" border=\"0\" \/><\/td>\n<\/tr>\n<tr>\n<td><strong>Plomberie<\/strong><span>\u00a0<\/span><b>R. Faille &amp; Fils<\/b><br \/>\n236 St-Louis<br \/>\nVille Lemoyne, QC<br \/>\nTel:450-671-2488<br \/>\n<a href=\"https:\/\/www.plomberiefaille.com\/\" target=\"_blank\" rel=\"noopener noreferrer\">www.plomberiefaille.com<\/a><\/td>\n<td><img loading=\"lazy\" decoding=\"async\" src=\"https:\/\/www.generalecologycanada.com\/images\/sgcliplogo.jpg\" alt=\"Seagull IV\" width=\"100\" height=\"94\" border=\"0\" \/><\/td>\n<td><\/td>\n<td><\/td>\n<\/tr>\n<tr>\n<td colspan=\"4\" align=\"center\">Please be advised that General Ecology retail dealers select their own inventory. General Ecology Canada encourages our customers to contact authorized retailers in advance to ensure desired product availability.<\/td>\n<\/tr>\n<\/tbody>\n<\/table>\n","protected":false},"excerpt":{"rendered":"<p>Qu\u00e9bec Marina Gosselin Lt\u00e9e 116 &#8211; 1 \u00e9re Rue St-Paul-Ile-aux-Noix, QC Tel:450-291-3170 Plomberie\u00a0Outaouais 15 rue de Valcourt Gatineau, QC Tel:819-246-7788 www.plomberieoutaouais.com Plomberie\u00a0R. Faille &amp; Fils 236 St-Louis Ville Lemoyne, QC &#8230;<\/p>\n","protected":false},"author":1,"featured_media":0,"parent":0,"menu_order":0,"comment_status":"closed","ping_status":"closed","template":"","meta":{"footnotes":""},"class_list":["post-205","page","type-page","status-publish","hentry"],"_links":{"self":[{"href":"https:\/\/www.generalecologycanada.com\/wp_main_site\/wp-json\/wp\/v2\/pages\/205","targetHints":{"allow":["GET"]}}],"collection":[{"href":"https:\/\/www.generalecologycanada.com\/wp_main_site\/wp-json\/wp\/v2\/pages"}],"about":[{"href":"https:\/\/www.generalecologycanada.com\/wp_main_site\/wp-json\/wp\/v2\/types\/page"}],"author":[{"embeddable":true,"href":"https:\/\/www.generalecologycanada.com\/wp_main_site\/wp-json\/wp\/v2\/users\/1"}],"replies":[{"embeddable":true,"href":"https:\/\/www.generalecologycanada.com\/wp_main_site\/wp-json\/wp\/v2\/comments?post=205"}],"version-history":[{"count":1,"href":"https:\/\/www.generalecologycanada.com\/wp_main_site\/wp-json\/wp\/v2\/pages\/205\/revisions"}],"predecessor-version":[{"id":206,"href":"https:\/\/www.generalecologycanada.com\/wp_main_site\/wp-json\/wp\/v2\/pages\/205\/revisions\/206"}],"wp:attachment":[{"href":"https:\/\/www.generalecologycanada.com\/wp_main_site\/wp-json\/wp\/v2\/media?parent=205"}],"curies":[{"name":"wp","href":"https:\/\/api.w.org\/{rel}","templated":true}]}}